{"id":66,"date":"2025-01-01T06:49:10","date_gmt":"2025-01-01T06:49:10","guid":{"rendered":"https:\/\/eleazarselectronics.com\/?post_type=product&#038;p=66"},"modified":"2025-08-20T00:03:57","modified_gmt":"2025-08-20T00:03:57","slug":"iphone-x","status":"publish","type":"product","link":"https:\/\/eleazarselectronics.com\/fr\/produit\/iphone-x\/","title":{"rendered":"iPhone X (256GB)"},"content":{"rendered":"<h1>Eleazar&#8217;s Electronics &#8211; iPhones<\/h1>\n<p class=\"translation-block\">\u2705 <strong data-immersive-translate-walked=\"d1d8ca07-ac4b-41b4-86c0-556fa66daee9\">Comme Neuf<\/strong> \u2013 Signes minimes d'utilisation.<\/p>\n<p class=\"translation-block\">\u2705 <strong data-immersive-translate-walked=\"d1d8ca07-ac4b-41b4-86c0-556fa66daee9\">Original<\/strong> \u2013 La plupart de nos iPhones ne sont pas reconditionn\u00e9s.<\/p>\n<p class=\"translation-block\">\u2705 <strong data-immersive-translate-walked=\"d1d8ca07-ac4b-41b4-86c0-556fa66daee9\">Test\u00e9 personnellement\n<\/strong> - Retest\u00e9 avant d'\u00eatre exp\u00e9di\u00e9.<\/p>\n<p class=\"translation-block\">\u2705 \ufe0f \ufe0f<strong data-immersive-translate-walked=\"d1d8ca07-ac4b-41b4-86c0-556fa66daee9\">Garantie de 15 jours<\/strong> \u2013 Pour votre tranquillit\u00e9 d\u2019esprit.<\/p>\n<h3 data-immersive-translate-walked=\"5272b8fe-5090-4107-9783-311292d22ace\" data-immersive-translate-paragraph=\"1\"><\/h3>\n<p>&nbsp;<\/p>\n<h3 class=\"LC20lb MBeuO DKV0Md\" data-immersive-translate-walked=\"5272b8fe-5090-4107-9783-311292d22ace\" data-immersive-translate-paragraph=\"1\">Profitez de votre exp\u00e9rience d'achat Apple ! \u2764\ufe0f<\/h3>","protected":false},"excerpt":{"rendered":"<p>Choisissez votre couleur et votre taille de stockage !<\/p>","protected":false},"featured_media":256,"comment_status":"open","ping_status":"closed","template":"","meta":[],"product_brand":[],"product_cat":[17],"product_tag":[18],"class_list":{"0":"post-66","1":"product","2":"type-product","3":"status-publish","4":"has-post-thumbnail","6":"product_cat-iphone","7":"product_tag-like-new","9":"first","10":"instock","11":"purchasable","12":"product-type-variable","13":"has-default-attributes"},"_links":{"self":[{"href":"https:\/\/eleazarselectronics.com\/fr\/wp-json\/wp\/v2\/product\/66","targetHints":{"allow":["GET"]}}],"collection":[{"href":"https:\/\/eleazarselectronics.com\/fr\/wp-json\/wp\/v2\/product"}],"about":[{"href":"https:\/\/eleazarselectronics.com\/fr\/wp-json\/wp\/v2\/types\/product"}],"replies":[{"embeddable":true,"href":"https:\/\/eleazarselectronics.com\/fr\/wp-json\/wp\/v2\/comments?post=66"}],"wp:featuredmedia":[{"embeddable":true,"href":"https:\/\/eleazarselectronics.com\/fr\/wp-json\/wp\/v2\/media\/256"}],"wp:attachment":[{"href":"https:\/\/eleazarselectronics.com\/fr\/wp-json\/wp\/v2\/media?parent=66"}],"wp:term":[{"taxonomy":"product_brand","embeddable":true,"href":"https:\/\/eleazarselectronics.com\/fr\/wp-json\/wp\/v2\/product_brand?post=66"},{"taxonomy":"product_cat","embeddable":true,"href":"https:\/\/eleazarselectronics.com\/fr\/wp-json\/wp\/v2\/product_cat?post=66"},{"taxonomy":"product_tag","embeddable":true,"href":"https:\/\/eleazarselectronics.com\/fr\/wp-json\/wp\/v2\/product_tag?post=66"}],"curies":[{"name":"wp","href":"https:\/\/api.w.org\/{rel}","templated":true}]}}