{"id":69,"date":"2025-01-01T06:50:17","date_gmt":"2025-01-01T06:50:17","guid":{"rendered":"https:\/\/eleazarselectronics.com\/?post_type=product&#038;p=69"},"modified":"2025-08-21T21:06:43","modified_gmt":"2025-08-21T21:06:43","slug":"iphone-se2","status":"publish","type":"product","link":"https:\/\/eleazarselectronics.com\/fr\/produit\/iphone-se2\/","title":{"rendered":"iPhone SE2 (64GB | 128GB | 256GB)"},"content":{"rendered":"<h1><b>Eleazar&#8217;s Electronics &#8211; iPhones<\/b><\/h1>\n<p>Au moment de votre commande, je trouverai l'iPhone SE2 dans la couleur de votre choix avec la capacit\u00e9 de stockage la plus \u00e9lev\u00e9e. Elle sera comprise entre 64 Go et 256 Go. Toutes les options de stockage seront au m\u00eame prix pour vous, cela d\u00e9pendra simplement de ce qu'il me reste actuellement en stock.<\/p>\n<p class=\"translation-block\">\u2705 <strong data-immersive-translate-walked=\"d1d8ca07-ac4b-41b4-86c0-556fa66daee9\">Comme Neuf<\/strong> \u2013 Signes minimes d'utilisation.<\/p>\n<p class=\"translation-block\">\u2705 <strong data-immersive-translate-walked=\"d1d8ca07-ac4b-41b4-86c0-556fa66daee9\">Original<\/strong> \u2013 La plupart de nos iPhones ne sont pas reconditionn\u00e9s.<\/p>\n<p class=\"translation-block\">\u2705 <strong data-immersive-translate-walked=\"d1d8ca07-ac4b-41b4-86c0-556fa66daee9\">Test\u00e9 personnellement\n<\/strong> - Retest\u00e9 avant d'\u00eatre exp\u00e9di\u00e9.<\/p>\n<p class=\"translation-block\">\u2705 \ufe0f \ufe0f<strong data-immersive-translate-walked=\"d1d8ca07-ac4b-41b4-86c0-556fa66daee9\">Garantie de 15 jours<\/strong> \u2013 Pour votre tranquillit\u00e9 d\u2019esprit.<\/p>\n<h3><b>\u00a0<\/b><\/h3>\n<p><span style=\"font-weight: 400;\">\u00a0<\/span><\/p>\n<h3><b>Profitez de votre exp\u00e9rience d'achat Apple ! \u2764\ufe0f<\/b><\/h3>\n<h2><\/h2>\n<h2><\/h2>","protected":false},"excerpt":{"rendered":"<p><span style=\"font-weight: 400;\">Choisissez votre couleur et votre taille de stockage !<\/span><\/p>","protected":false},"featured_media":241,"comment_status":"open","ping_status":"closed","template":"","meta":[],"product_brand":[],"product_cat":[17],"product_tag":[18],"class_list":{"0":"post-69","1":"product","2":"type-product","3":"status-publish","4":"has-post-thumbnail","6":"product_cat-iphone","7":"product_tag-like-new","9":"first","10":"instock","11":"purchasable","12":"product-type-variable"},"_links":{"self":[{"href":"https:\/\/eleazarselectronics.com\/fr\/wp-json\/wp\/v2\/product\/69","targetHints":{"allow":["GET"]}}],"collection":[{"href":"https:\/\/eleazarselectronics.com\/fr\/wp-json\/wp\/v2\/product"}],"about":[{"href":"https:\/\/eleazarselectronics.com\/fr\/wp-json\/wp\/v2\/types\/product"}],"replies":[{"embeddable":true,"href":"https:\/\/eleazarselectronics.com\/fr\/wp-json\/wp\/v2\/comments?post=69"}],"wp:featuredmedia":[{"embeddable":true,"href":"https:\/\/eleazarselectronics.com\/fr\/wp-json\/wp\/v2\/media\/241"}],"wp:attachment":[{"href":"https:\/\/eleazarselectronics.com\/fr\/wp-json\/wp\/v2\/media?parent=69"}],"wp:term":[{"taxonomy":"product_brand","embeddable":true,"href":"https:\/\/eleazarselectronics.com\/fr\/wp-json\/wp\/v2\/product_brand?post=69"},{"taxonomy":"product_cat","embeddable":true,"href":"https:\/\/eleazarselectronics.com\/fr\/wp-json\/wp\/v2\/product_cat?post=69"},{"taxonomy":"product_tag","embeddable":true,"href":"https:\/\/eleazarselectronics.com\/fr\/wp-json\/wp\/v2\/product_tag?post=69"}],"curies":[{"name":"wp","href":"https:\/\/api.w.org\/{rel}","templated":true}]}}